{"id":2,"date":"2024-11-19T18:38:59","date_gmt":"2024-11-19T18:38:59","guid":{"rendered":"https:\/\/nucleolinux.org\/?page_id=2"},"modified":"2024-11-19T19:38:36","modified_gmt":"2024-11-19T19:38:36","slug":"sample-page","status":"publish","type":"page","link":"https:\/\/nucleolinux.org\/","title":{"rendered":"Comunidad de tecnologias FOOS"},"content":{"rendered":"\n<p>\u00a1\u00danete a N\u00facleo Linux Bolivia y s\u00e9 parte de la revoluci\u00f3n del software libre!En N\u00facleo Linux Bolivia, nos dedicamos a la investigaci\u00f3n y promoci\u00f3n de tecnolog\u00edas de c\u00f3digo abierto, especialmente aquellas relacionadas con Linux y el software libre. Nuestro objetivo es crear una comunidad activa que comparta conocimientos y experiencias en el fascinante mundo de las tecnolog\u00edas FOSS (Free and Open Source Software).<\/p>\n\n\n\n<p><strong>\u00bfPor qu\u00e9 unirte a nosotros?<\/strong><\/p>\n\n\n\n<ul class=\"wp-block-list\">\n<li><strong>Aprendizaje continuo:<\/strong> Participa en nuestras actividades y mantente al d\u00eda con las \u00faltimas tendencias en software libre.<\/li>\n\n\n\n<li><strong>Colaboraci\u00f3n:<\/strong> Con\u00e9ctate con otros entusiastas y expertos en el \u00e1rea, compartiendo ideas y proyectos.<\/li>\n\n\n\n<li><strong>Contribuci\u00f3n:<\/strong> Tu voz y tus habilidades son importantes. Ay\u00fadanos a construir un futuro m\u00e1s abierto y accesible para todos.<\/li>\n<\/ul>\n\n\n\n<p><strong>S\u00edguenos en nuestras redes sociales:<\/strong><\/p>\n\n\n\n<ul class=\"wp-block-list\">\n<li><strong><a href=\"https:\/\/t.me\/+Rxdz520mRaHKyc_K\" data-type=\"link\" data-id=\"https:\/\/t.me\/+Rxdz520mRaHKyc_K\">Telegram<\/a>:<\/strong> \u00danete a nuestro grupo para recibir actualizaciones instant\u00e1neas y participar en discusiones.<\/li>\n\n\n\n<li><strong><a href=\"https:\/\/www.facebook.com\/groups\/nucleolinux\" data-type=\"link\" data-id=\"https:\/\/www.facebook.com\/groups\/nucleolinux\">Facebook<\/a>:<\/strong> Sigue nuestra p\u00e1gina para enterarte de eventos, noticias y recursos \u00fatiles sobre tecnolog\u00edas FOSS.<\/li>\n\n\n\n<li><strong><a href=\"https:\/\/www.youtube.com\/@NucleoLinuxBolivia\" data-type=\"link\" data-id=\"https:\/\/www.youtube.com\/@NucleoLinuxBolivia\">YouTube<\/a>:<\/strong> Visita nuestro canal para acceder a tutoriales, charlas y contenido exclusivo que te ayudar\u00e1 en tu camino hacia el dominio del software libre.<\/li>\n<\/ul>\n\n\n\n<p>\u00a1No te quedes fuera! Te invitamos a ser parte de esta emocionante comunidad. Juntos, podemos aprender, crecer y contribuir al desarrollo del software libre en Bolivia. \u00a1Esperamos verte pronto!<\/p>\n\n\n\n<p><\/p>\n","protected":false},"excerpt":{"rendered":"<p>\u00a1\u00danete a N\u00facleo Linux Bolivia y s\u00e9 parte de la revoluci\u00f3n del software libre!En N\u00facleo Linux Bolivia, nos dedicamos a la investigaci\u00f3n y promoci\u00f3n de tecnolog\u00edas de c\u00f3digo abierto, especialmente aquellas relacionadas con Linux y el software libre. Nuestro objetivo es crear una comunidad activa que comparta conocimientos y experiencias en el fascinante mundo de [&hellip;]<\/p>\n","protected":false},"author":1,"featured_media":0,"parent":0,"menu_order":0,"comment_status":"closed","ping_status":"open","template":"","meta":{"footnotes":""},"class_list":["post-2","page","type-page","status-publish","hentry"],"_links":{"self":[{"href":"https:\/\/nucleolinux.org\/index.php?rest_route=\/wp\/v2\/pages\/2"}],"collection":[{"href":"https:\/\/nucleolinux.org\/index.php?rest_route=\/wp\/v2\/pages"}],"about":[{"href":"https:\/\/nucleolinux.org\/index.php?rest_route=\/wp\/v2\/types\/page"}],"author":[{"embeddable":true,"href":"https:\/\/nucleolinux.org\/index.php?rest_route=\/wp\/v2\/users\/1"}],"replies":[{"embeddable":true,"href":"https:\/\/nucleolinux.org\/index.php?rest_route=%2Fwp%2Fv2%2Fcomments&post=2"}],"version-history":[{"count":3,"href":"https:\/\/nucleolinux.org\/index.php?rest_route=\/wp\/v2\/pages\/2\/revisions"}],"predecessor-version":[{"id":18,"href":"https:\/\/nucleolinux.org\/index.php?rest_route=\/wp\/v2\/pages\/2\/revisions\/18"}],"wp:attachment":[{"href":"https:\/\/nucleolinux.org\/index.php?rest_route=%2Fwp%2Fv2%2Fmedia&parent=2"}],"curies":[{"name":"wp","href":"https:\/\/api.w.org\/{rel}","templated":true}]}}